{"id":6962,"date":"2025-05-22T15:00:09","date_gmt":"2025-05-22T13:00:09","guid":{"rendered":"https:\/\/www.somamed.at\/medical-practice\/doctors\/"},"modified":"2025-10-10T10:23:11","modified_gmt":"2025-10-10T08:23:11","slug":"doctors","status":"publish","type":"page","link":"https:\/\/www.somamed.at\/en\/medical-practice\/doctors\/","title":{"rendered":"Doctors"},"content":{"rendered":"<div class=\"block-breadcrumbs\" class=\"align wp-block-acf-breadcrumbs\" >\n\t<div class=\"container lem-grid-12\">\n\t\t<div class=\"col-span-4 md:col-span-12 lg:col-span-8 2xl:col-span-6 content-span\">\n\t\t\t<div class=\"breadcrumbs-wrapper\" style=\"--color-defined : #405D64\">\n\t\t\t\t\t\t\t\t\t<svg width=\"16\" height=\"16\" viewBox=\"0 0 16 16\" fill=\"none\" xmlns=\"http:\/\/www.w3.org\/2000\/svg\">\n    <mask id=\"mask0_611_1964\" style=\"mask-type:luminance\" maskUnits=\"userSpaceOnUse\" x=\"0\" y=\"0\" width=\"16\" height=\"16\">\n        <path d=\"M15.6801 0H0.320068V16H15.6801V0Z\" fill=\"white\"\/>\n    <\/mask>\n    <g mask=\"url(#mask0_611_1964)\">\n        <path d=\"M6.55997 12.1667V9.83333C6.55997 9.46513 6.8465 9.16667 7.19997 9.16667H8.79997C9.15344 9.16667 9.43997 9.46513 9.43997 9.83333V12.1667C9.43997 12.9031 10.013 13.5 10.72 13.5H12.64C12.9934 13.5 13.28 13.2015 13.28 12.8333V6.51463C13.28 6.29661 13.1776 6.09237 13.0059 5.9677L8.36592 2.59901C8.14602 2.43937 7.85392 2.43937 7.63402 2.59901L2.99402 5.9677C2.82231 6.09237 2.71997 6.29661 2.71997 6.51463V12.8333C2.71997 13.2015 3.00651 13.5 3.35997 13.5H5.27997C5.9869 13.5 6.55997 12.9031 6.55997 12.1667Z\" stroke=\"white\" stroke-linecap=\"round\" stroke-linejoin=\"round\"\/>\n    <\/g>\n<\/svg>\n\t\t\t\t\t\t\t\t<nav aria-label=\"breadcrumbs\" class=\"rank-math-breadcrumb\"><p><span class=\"last\">Startseite<\/span><\/p><\/nav>\t\t\t<\/div>\n\t\t<\/div>\n\t<\/div>\n<\/div>\n<div style=\"height:50px\" aria-hidden=\"true\" class=\"wp-block-spacer\"><\/div>\n\n<h1 class=\"wp-block-heading has-text-align-center is-style-icon\" style=\"margin-top:var(--wp--preset--spacing--none);margin-bottom:var(--wp--preset--spacing--none);padding-top:var(--wp--preset--spacing--none);padding-bottom:var(--wp--preset--spacing--none)\"><strong>Our doctors in <em>somamed<\/em><\/strong><\/h1>\n<section class=\"relative teams-teaser container\" style=\"margin-bottom:var(--wp--preset--spacing--xl);\" class=\"align wp-block-acf-team-members\" >\n\t\t\n\n<h3 class=\"wp-block-heading\"><\/h3>\n\n\n\t\t<ul class=\"team-list  detailpage \">\n\t\t\t\n<\/ul>\n\n<\/section>\n\n\n\n\n<div class=\"wp-block-group is-layout-constrained wp-block-group-is-layout-constrained\">\n<h2 class=\"wp-block-heading has-text-align-center is-style-icon\">Our practice services at a glance!<\/h2>\n\n\n\n<p class=\"has-text-align-center\">Here you will find all the services offered at Dr. Schachinger&#8217;s practice. In our house in Geboltskirchen &#8211; Center for Maharishi Ayurveda and holistic medicine, it is important to us to see you as a whole. We take time for you and your individual complaints and wishes. Every treatment begins with an Ayurvedic pulse diagnosis.   <\/p>\n<\/div>\n\n<div class=\"wp-block-group has-bg-pastelgreen-background-color has-background is-layout-constrained wp-block-group-is-layout-constrained\" style=\"margin-bottom:var(--wp--preset--spacing--none);padding-top:var(--wp--preset--spacing--l);padding-bottom:var(--wp--preset--spacing--l)\"><div class=\"block-teaserblume\" class=\"align wp-block-acf-teaserblume\" >\n\t<div class=\"teaserblume-slider-wrapper lg:hidden\">\n\t\t<div class=\"swiper teaserblume-slider\">\n\t\t\t<div class=\"swiper-wrapper\">\n\t\t\t\t\t\t\t\t\t<div class=\"swiper-slide\">\n\t\t\t\t\t\t<div class=\"slide-item\">\n\t\t\t\t\t\t\t\t\t\t\t\t\t\t\t<div class=\"text-wrapper\">\n\t\t\t\t\t\t\t\t\t<h3 style=\"text-align: center;\">Ayurveda Medizin<\/h3>\n<p style=\"text-align: center;\">Balance f\u00fcr Seele, Geist und K\u00f6rper durch ayurvedische Pulsdiagnose und Aktivierung der Selbstheilungskr\u00e4fte.<\/p>\n\n\t\t\t\t\t\t\t\t<\/div>\n\t\t\t\t\t\t\t\t\t\t\t\t\t\t\t\t\t\t\t\t\t\t<div class=\"wp-block-button is-style-outline flex justify-center\">\n\t\t\t\t\t\t\t\t\t<a href=\"https:\/\/www.somamed.at\/package\/ayurveda-medizin\/\" title=\"Mehr erfahren\" class=\"wp-element-button\">Mehr erfahren<\/a>\n\t\t\t\t\t\t\t\t<\/div>\n\t\t\t\t\t\t\t\t\t\t\t\t\t<\/div>\n\t\t\t\t\t<\/div>\n\t\t\t\t\n\t\t\t\t\t\t\t\t\t<div class=\"swiper-slide\">\n\t\t\t\t\t\t<div class=\"slide-item\">\n\t\t\t\t\t\t\t\t\t\t\t\t\t\t\t<div class=\"text-wrapper\">\n\t\t\t\t\t\t\t\t\t<h3 style=\"text-align: center;\">Orthomolekulare Medizin<\/h3>\n<p style=\"text-align: center;\">Mithilfe einer Vollblutanalyse wird die richtige Dosierung von Mikron\u00e4rstoffen f\u00fcr den K\u00f6rper diagnostiziert.<\/p>\n\n\t\t\t\t\t\t\t\t<\/div>\n\t\t\t\t\t\t\t\t\t\t\t\t\t\t\t\t\t\t\t\t\t\t<div class=\"wp-block-button is-style-outline flex justify-center\">\n\t\t\t\t\t\t\t\t\t<a href=\"https:\/\/www.somamed.at\/package\/orthomolekulare-medizin\/\" title=\"Mehr erfahren\" class=\"wp-element-button\">Mehr erfahren<\/a>\n\t\t\t\t\t\t\t\t<\/div>\n\t\t\t\t\t\t\t\t\t\t\t\t\t<\/div>\n\t\t\t\t\t<\/div>\n\t\t\t\t\n\t\t\t\t\t\t\t\t\t<div class=\"swiper-slide\">\n\t\t\t\t\t\t<div class=\"slide-item\">\n\t\t\t\t\t\t\t\t\t\t\t\t\t\t\t<div class=\"text-wrapper\">\n\t\t\t\t\t\t\t\t\t<h3 style=\"text-align: center;\">Vitalstofflabor &#8211; Vollblutanalyse<\/h3>\n<p style=\"text-align: center;\">Bei unseren Laboranalysen erfassen wir deutlich mehr Parameter als bei herk\u00f6mmlichen Blutabnahmen.<\/p>\n\n\t\t\t\t\t\t\t\t<\/div>\n\t\t\t\t\t\t\t\t\t\t\t\t\t\t\t\t\t\t\t\t\t\t<div class=\"wp-block-button is-style-outline flex justify-center\">\n\t\t\t\t\t\t\t\t\t<a href=\"https:\/\/www.somamed.at\/package\/vitalstofflabor-vollblutanalyse\/\" title=\"Mehr erfahren\" class=\"wp-element-button\">Mehr erfahren<\/a>\n\t\t\t\t\t\t\t\t<\/div>\n\t\t\t\t\t\t\t\t\t\t\t\t\t<\/div>\n\t\t\t\t\t<\/div>\n\t\t\t\t\n\t\t\t\t\t\t\t\t\t<div class=\"swiper-slide\">\n\t\t\t\t\t\t<div class=\"slide-item\">\n\t\t\t\t\t\t\t\t\t\t\t\t\t\t\t<div class=\"text-wrapper\">\n\t\t\t\t\t\t\t\t\t<h3 style=\"text-align: center;\">Bioidente Hormone<\/h3>\n<p style=\"text-align: center;\">Hormonelles Ungleichgewicht wird nat\u00fcrlich und nebenwirkungsfrei mit bioidenten oder humanidenten Hormonen behandelt.<\/p>\n\n\t\t\t\t\t\t\t\t<\/div>\n\t\t\t\t\t\t\t\t\t\t\t\t\t\t\t\t\t\t\t\t\t\t<div class=\"wp-block-button is-style-outline flex justify-center\">\n\t\t\t\t\t\t\t\t\t<a href=\"https:\/\/www.somamed.at\/package\/bioidente-hormone\/\" title=\"Mehr erfahren\" class=\"wp-element-button\">Mehr erfahren<\/a>\n\t\t\t\t\t\t\t\t<\/div>\n\t\t\t\t\t\t\t\t\t\t\t\t\t<\/div>\n\t\t\t\t\t<\/div>\n\t\t\t\t\n\t\t\t<\/div>\n\n\t\t\t<div class=\"slider-navigation\">\n\t\t\t\t<div class=\"swiper-button-prev\"><\/div>\n\t\t\t\t<div class=\"swiper-pagination\"><\/div>\n\t\t\t\t<div class=\"swiper-button-next\"><\/div>\n\t\t\t<\/div>\n\t\t<\/div>\n\t<\/div>\n\n\t<div class=\"teaserblume-open-wrapper hidden lg:grid\">\n\t\t\t\t\t<div class=\"teaserblume-item-wrapper item-left-top\">\n\t\t\t\t<div class=\"teaserblume-item\">\n\t\t\t\t\t\t\t\t\t\t\t<div class=\"text-wrapper\">\n\t\t\t\t\t\t\t<h3 style=\"text-align: center;\">Ayurveda Medizin<\/h3>\n<p style=\"text-align: center;\">Balance f\u00fcr Seele, Geist und K\u00f6rper durch ayurvedische Pulsdiagnose und Aktivierung der Selbstheilungskr\u00e4fte.<\/p>\n\n\t\t\t\t\t\t<\/div>\n\t\t\t\t\t\t\t\t\t\t\t\t\t\t\t\t<div class=\"wp-block-button is-style-outline flex justify-center\">\n\t\t\t\t\t\t\t<a href=\"https:\/\/www.somamed.at\/package\/ayurveda-medizin\/\" title=\"Mehr erfahren\" class=\"wp-element-button\">Mehr erfahren<\/a>\n\t\t\t\t\t\t<\/div>\n\t\t\t\t\t\t\t\t\t<\/div>\n\t\t\t<\/div>\n\t\t\n\t\t\t\t\t<div class=\"teaserblume-item-wrapper item-right-top\">\n\t\t\t\t<div class=\"teaserblume-item\">\n\t\t\t\t\t\t\t\t\t\t\t<div class=\"text-wrapper\">\n\t\t\t\t\t\t\t<h3 style=\"text-align: center;\">Orthomolekulare Medizin<\/h3>\n<p style=\"text-align: center;\">Mithilfe einer Vollblutanalyse wird die richtige Dosierung von Mikron\u00e4rstoffen f\u00fcr den K\u00f6rper diagnostiziert.<\/p>\n\n\t\t\t\t\t\t<\/div>\n\t\t\t\t\t\t\t\t\t\t\t\t\t\t\t\t<div class=\"wp-block-button is-style-outline flex justify-center\">\n\t\t\t\t\t\t\t<a href=\"https:\/\/www.somamed.at\/package\/orthomolekulare-medizin\/\" title=\"Mehr erfahren\" class=\"wp-element-button\">Mehr erfahren<\/a>\n\t\t\t\t\t\t<\/div>\n\t\t\t\t\t\t\t\t\t<\/div>\n\t\t\t<\/div>\n\t\t\n\t\t\t\t\t<div class=\"teaserblume-item-wrapper item-left-bottom\">\n\t\t\t\t<div class=\"teaserblume-item\">\n\t\t\t\t\t\t\t\t\t\t\t<div class=\"text-wrapper\">\n\t\t\t\t\t\t\t<h3 style=\"text-align: center;\">Vitalstofflabor &#8211; Vollblutanalyse<\/h3>\n<p style=\"text-align: center;\">Bei unseren Laboranalysen erfassen wir deutlich mehr Parameter als bei herk\u00f6mmlichen Blutabnahmen.<\/p>\n\n\t\t\t\t\t\t<\/div>\n\t\t\t\t\t\t\t\t\t\t\t\t\t\t\t\t<div class=\"wp-block-button is-style-outline flex justify-center\">\n\t\t\t\t\t\t\t<a href=\"https:\/\/www.somamed.at\/package\/vitalstofflabor-vollblutanalyse\/\" title=\"Mehr erfahren\" class=\"wp-element-button\">Mehr erfahren<\/a>\n\t\t\t\t\t\t<\/div>\n\t\t\t\t\t\t\t\t\t<\/div>\n\t\t\t<\/div>\n\t\t\n\t\t\t\t\t<div class=\"teaserblume-item-wrapper item-right-bottom\">\n\t\t\t\t<div class=\"teaserblume-item\">\n\t\t\t\t\t\t\t\t\t\t\t<div class=\"text-wrapper\">\n\t\t\t\t\t\t\t<h3 style=\"text-align: center;\">Bioidente Hormone<\/h3>\n<p style=\"text-align: center;\">Hormonelles Ungleichgewicht wird nat\u00fcrlich und nebenwirkungsfrei mit bioidenten oder humanidenten Hormonen behandelt.<\/p>\n\n\t\t\t\t\t\t<\/div>\n\t\t\t\t\t\t\t\t\t\t\t\t\t\t\t\t<div class=\"wp-block-button is-style-outline flex justify-center\">\n\t\t\t\t\t\t\t<a href=\"https:\/\/www.somamed.at\/package\/bioidente-hormone\/\" title=\"Mehr erfahren\" class=\"wp-element-button\">Mehr erfahren<\/a>\n\t\t\t\t\t\t<\/div>\n\t\t\t\t\t\t\t\t\t<\/div>\n\t\t\t<\/div>\n\t\t\t<\/div>\n\n\n\t\t\t<div class=\"btn-wrapper\">\n\t\t\t<div class=\"wp-block-button flex justify-center\">\n\t\t\t\t<a href=\"https:\/\/www.somamed.at\/arztpraxis\/leistungen\/alle-leistungen\/\" title=\"Alle Leistungen\" class=\"wp-element-button\">Alle Leistungen<\/a>\n\t\t\t<\/div>\n\t\t<\/div>\n\t\n<\/div><\/div>\n","protected":false},"excerpt":{"rendered":"<p>Our doctors in somamed Our practice services at a glance! Here you will find all the services offered at Dr. Schachinger&#8217;s practice. In our house in Geboltskirchen &#8211; Center for Maharishi Ayurveda and holistic medicine, it is important to us to see you as a whole. We take time for you and your individual complaints &hellip; <a href=\"https:\/\/www.somamed.at\/en\/medical-practice\/doctors\/\">Continued<\/a><\/p>\n","protected":false},"author":1,"featured_media":0,"parent":6928,"menu_order":0,"comment_status":"closed","ping_status":"closed","template":"","meta":{"_acf_changed":false,"footnotes":""},"class_list":["post-6962","page","type-page","status-publish","hentry"],"acf":[],"_links":{"self":[{"href":"https:\/\/www.somamed.at\/en\/wp-json\/wp\/v2\/pages\/6962","targetHints":{"allow":["GET"]}}],"collection":[{"href":"https:\/\/www.somamed.at\/en\/wp-json\/wp\/v2\/pages"}],"about":[{"href":"https:\/\/www.somamed.at\/en\/wp-json\/wp\/v2\/types\/page"}],"author":[{"embeddable":true,"href":"https:\/\/www.somamed.at\/en\/wp-json\/wp\/v2\/users\/1"}],"replies":[{"embeddable":true,"href":"https:\/\/www.somamed.at\/en\/wp-json\/wp\/v2\/comments?post=6962"}],"version-history":[{"count":0,"href":"https:\/\/www.somamed.at\/en\/wp-json\/wp\/v2\/pages\/6962\/revisions"}],"up":[{"embeddable":true,"href":"https:\/\/www.somamed.at\/en\/wp-json\/wp\/v2\/pages\/6928"}],"wp:attachment":[{"href":"https:\/\/www.somamed.at\/en\/wp-json\/wp\/v2\/media?parent=6962"}],"curies":[{"name":"wp","href":"https:\/\/api.w.org\/{rel}","templated":true}]}}